{"id":31,"date":"2020-01-20T01:18:20","date_gmt":"2020-01-20T00:18:20","guid":{"rendered":"http:\/\/www.schuberth-elektrotechnik.de\/?page_id=31"},"modified":"2022-03-04T15:40:33","modified_gmt":"2022-03-04T14:40:33","slug":"impressum","status":"publish","type":"page","link":"https:\/\/www.schuberth-elektrotechnik.de\/index.php\/impressum\/","title":{"rendered":"Impressum"},"content":{"rendered":"\n<p><strong>Seitenbetreiber i.S.d. \u00a7 5 TMG<\/strong><\/p>\n\n\n\n<p><strong>Adresse<\/strong><br>Hans-Richter-Str. 16<br>95131 Schwarzenbach am Wald<\/p>\n\n\n\n<p><strong>Tel. 0 92 89 970 215<\/strong><br><strong>Fax 0 92 89 970 216<\/strong><\/p>\n\n\n\n<h3 class=\"wp-block-heading\" id=\"jsectiongeschftsfhrer\">Gesch\u00e4ftsinhaber:<\/h3>\n\n\n\n<p>Edgar Schuberth<\/p>\n\n\n\n<h3 class=\"wp-block-heading\" id=\"jsectionumsatzsteueridentifikationsnummergem27aumsatzsteuergesetz\">Umsatzsteuer-Identifikationsnummer gem\u00e4\u00df \u00a7 27 a Umsatzsteuergesetz<\/h3>\n\n\n\n<p>DE 228196181<\/p>\n\n\n\n<h3 class=\"wp-block-heading\" id=\"jsectionangabenfrdiettigkeitalselektrotechnikermeisterin\">Angaben f\u00fcr die T\u00e4tigkeit als Elektrotechnikermeister\/in<\/h3>\n\n\n\n<h4 class=\"wp-block-heading\" id=\"jsectionberufsbezeichnung\">Berufsbezeichnung<\/h4>\n\n\n\n<p>Elektrotechnikermeister\/in (verliehen in Deutschland)<\/p>\n\n\n\n<figure class=\"wp-block-image size-large\"><img loading=\"lazy\" decoding=\"async\" width=\"1024\" height=\"89\" src=\"https:\/\/www.schuberth-elektrotechnik.de\/wp-content\/uploads\/2022\/03\/Leiste-1024x89.jpg\" alt=\"\" class=\"wp-image-507\" srcset=\"https:\/\/www.schuberth-elektrotechnik.de\/wp-content\/uploads\/2022\/03\/Leiste-1024x89.jpg 1024w, https:\/\/www.schuberth-elektrotechnik.de\/wp-content\/uploads\/2022\/03\/Leiste-300x26.jpg 300w, https:\/\/www.schuberth-elektrotechnik.de\/wp-content\/uploads\/2022\/03\/Leiste-768x67.jpg 768w, https:\/\/www.schuberth-elektrotechnik.de\/wp-content\/uploads\/2022\/03\/Leiste-1536x133.jpg 1536w, https:\/\/www.schuberth-elektrotechnik.de\/wp-content\/uploads\/2022\/03\/Leiste-100x9.jpg 100w, https:\/\/www.schuberth-elektrotechnik.de\/wp-content\/uploads\/2022\/03\/Leiste-150x13.jpg 150w, https:\/\/www.schuberth-elektrotechnik.de\/wp-content\/uploads\/2022\/03\/Leiste-200x17.jpg 200w, https:\/\/www.schuberth-elektrotechnik.de\/wp-content\/uploads\/2022\/03\/Leiste-450x39.jpg 450w, https:\/\/www.schuberth-elektrotechnik.de\/wp-content\/uploads\/2022\/03\/Leiste-600x52.jpg 600w, https:\/\/www.schuberth-elektrotechnik.de\/wp-content\/uploads\/2022\/03\/Leiste-900x78.jpg 900w, https:\/\/www.schuberth-elektrotechnik.de\/wp-content\/uploads\/2022\/03\/Leiste.jpg 1858w\" sizes=\"auto, (max-width: 1024px) 100vw, 1024px\" \/><\/figure>\n","protected":false},"excerpt":{"rendered":"<p>Seitenbetreiber i.S.d. \u00a7 5 TMG AdresseHans-Richter-Str. 1695131 Schwarzenbach am Wald Tel. 0 92 89 970 215Fax 0 92 89 970 216 Gesch\u00e4ftsinhaber: Edgar Schuberth Umsatzsteuer-Identifikationsnummer gem\u00e4\u00df \u00a7 27 a Umsatzsteuergesetz DE 228196181 Angaben f\u00fcr die T\u00e4tigkeit als Elektrotechnikermeister\/in Berufsbezeichnung Elektrotechnikermeister\/in &hellip;<\/p>\n<p class=\"read-more\"> <a class=\"more-link\" href=\"https:\/\/www.schuberth-elektrotechnik.de\/index.php\/impressum\/\"> <span class=\"screen-reader-text\">Impressum<\/span> Read More &raquo;<\/a><\/p>\n","protected":false},"author":1,"featured_media":0,"parent":0,"menu_order":0,"comment_status":"closed","ping_status":"closed","template":"","meta":{"footnotes":""},"class_list":["post-31","page","type-page","status-publish","hentry"],"_links":{"self":[{"href":"https:\/\/www.schuberth-elektrotechnik.de\/index.php\/wp-json\/wp\/v2\/pages\/31","targetHints":{"allow":["GET"]}}],"collection":[{"href":"https:\/\/www.schuberth-elektrotechnik.de\/index.php\/wp-json\/wp\/v2\/pages"}],"about":[{"href":"https:\/\/www.schuberth-elektrotechnik.de\/index.php\/wp-json\/wp\/v2\/types\/page"}],"author":[{"embeddable":true,"href":"https:\/\/www.schuberth-elektrotechnik.de\/index.php\/wp-json\/wp\/v2\/users\/1"}],"replies":[{"embeddable":true,"href":"https:\/\/www.schuberth-elektrotechnik.de\/index.php\/wp-json\/wp\/v2\/comments?post=31"}],"version-history":[{"count":11,"href":"https:\/\/www.schuberth-elektrotechnik.de\/index.php\/wp-json\/wp\/v2\/pages\/31\/revisions"}],"predecessor-version":[{"id":510,"href":"https:\/\/www.schuberth-elektrotechnik.de\/index.php\/wp-json\/wp\/v2\/pages\/31\/revisions\/510"}],"wp:attachment":[{"href":"https:\/\/www.schuberth-elektrotechnik.de\/index.php\/wp-json\/wp\/v2\/media?parent=31"}],"curies":[{"name":"wp","href":"https:\/\/api.w.org\/{rel}","templated":true}]}}