{"id":38,"date":"2020-01-20T00:42:32","date_gmt":"2020-01-19T23:42:32","guid":{"rendered":"http:\/\/www.schuberth-elektrotechnik.de\/?page_id=38"},"modified":"2025-03-12T18:13:40","modified_gmt":"2025-03-12T17:13:40","slug":"leistungen","status":"publish","type":"page","link":"https:\/\/www.schuberth-elektrotechnik.de\/index.php\/leistungen\/","title":{"rendered":"Leistungen"},"content":{"rendered":"\n<h1 class=\"wp-block-heading\"><\/h1>\n\n\n\n<h3 class=\"wp-block-heading\" id=\"wir-bieten-ihnen-ein-breites-leistungsspektrum-von-der-individuellen-planung-zur-bezugsfertigen-ausfuhrung-ihres-auftrages-informieren-sie-sich-hier-uber-unsere-vielseitigen-technischen-angebote-und-kompetenzen-sollten-sie-weiterfuhrende-informationen-benotigen-stehen-wir-ihnen-selbstverstandlich-zur-verfugung-auf-wunsch-senden-wir-ihnen-gerne-unsere-aussagekraftigen-referenzen-zu\">Wir bieten Ihnen ein breites Leistungsspektrum, von der individuellen Planung zur bezugsfertigen Ausf\u00fchrung Ihres Auftrages. Informieren Sie sich hier \u00fcber unsere vielseitigen technischen Angebote und Kompetenzen.<br>Sollten Sie weiterf\u00fchrende Informationen ben\u00f6tigen, stehen wir Ihnen selbstverst\u00e4ndlich gerne zur Verf\u00fcgung.<br>Auf Wunsch senden wir Ihnen unsere aussagekr\u00e4ftigen Referenzen zu.<\/h3>\n\n\n\n<ul class=\"wp-block-list\">\n<li>ELEKTROINSTALLATION <br>Altbausanierung<br>Neubauinstallation<br><\/li>\n\n\n\n<li>BELEUCHTUNGSANLAGEN<br>LED Beleuchtung<br>Akzentbeleuchtung<br>Wohnraumbeleuchtung<br>B\u00fcrobeleuchtung<br>usw.<br><\/li>\n\n\n\n<li>WARTUNG UND SERVICE<br>Elektroanlagen aller Art <br>Maschinenreparatur<br><strong>keine Haushaltsger\u00e4te, z. B. Kaffeemaschinen, Waschmaschinen usw.<\/strong><br><\/li>\n\n\n\n<li>T\u00dcRSPRECHANLAGEN \/ TELEFONANLAGEN<br><\/li>\n\n\n\n<li>ELEKTRODIREKTHEIZUNG<br><\/li>\n\n\n\n<li>NETZWERKVERKABELUNG F\u00dcR PRIVAT UND GEWERBE, MODERNSTE CAT 7-KABEL TECHNIK<br><\/li>\n\n\n\n<li>GER\u00c4TE-  UND  MASCHINENPR\u00dcFUNG<br><\/li>\n\n\n\n<li>SCHALTSCHRANKBAU<\/li>\n<\/ul>\n\n\n\n<p><\/p>\n\n\n\n<p><\/p>\n\n\n\n<figure class=\"wp-block-image size-large\"><img loading=\"lazy\" decoding=\"async\" width=\"1024\" height=\"89\" src=\"https:\/\/www.schuberth-elektrotechnik.de\/wp-content\/uploads\/2022\/03\/Leiste-1024x89.jpg\" alt=\"\" class=\"wp-image-507\" srcset=\"https:\/\/www.schuberth-elektrotechnik.de\/wp-content\/uploads\/2022\/03\/Leiste-1024x89.jpg 1024w, https:\/\/www.schuberth-elektrotechnik.de\/wp-content\/uploads\/2022\/03\/Leiste-300x26.jpg 300w, https:\/\/www.schuberth-elektrotechnik.de\/wp-content\/uploads\/2022\/03\/Leiste-768x67.jpg 768w, https:\/\/www.schuberth-elektrotechnik.de\/wp-content\/uploads\/2022\/03\/Leiste-1536x133.jpg 1536w, https:\/\/www.schuberth-elektrotechnik.de\/wp-content\/uploads\/2022\/03\/Leiste-100x9.jpg 100w, https:\/\/www.schuberth-elektrotechnik.de\/wp-content\/uploads\/2022\/03\/Leiste-150x13.jpg 150w, https:\/\/www.schuberth-elektrotechnik.de\/wp-content\/uploads\/2022\/03\/Leiste-200x17.jpg 200w, https:\/\/www.schuberth-elektrotechnik.de\/wp-content\/uploads\/2022\/03\/Leiste-450x39.jpg 450w, https:\/\/www.schuberth-elektrotechnik.de\/wp-content\/uploads\/2022\/03\/Leiste-600x52.jpg 600w, https:\/\/www.schuberth-elektrotechnik.de\/wp-content\/uploads\/2022\/03\/Leiste-900x78.jpg 900w, https:\/\/www.schuberth-elektrotechnik.de\/wp-content\/uploads\/2022\/03\/Leiste.jpg 1858w\" sizes=\"auto, (max-width: 1024px) 100vw, 1024px\" \/><\/figure>\n","protected":false},"excerpt":{"rendered":"<p>Wir bieten Ihnen ein breites Leistungsspektrum, von der individuellen Planung zur bezugsfertigen Ausf\u00fchrung Ihres Auftrages. Informieren Sie sich hier \u00fcber unsere vielseitigen technischen Angebote und Kompetenzen.Sollten Sie weiterf\u00fchrende Informationen ben\u00f6tigen, stehen wir Ihnen selbstverst\u00e4ndlich gerne zur Verf\u00fcgung.Auf Wunsch senden wir &hellip;<\/p>\n<p class=\"read-more\"> <a class=\"more-link\" href=\"https:\/\/www.schuberth-elektrotechnik.de\/index.php\/leistungen\/\"> <span class=\"screen-reader-text\">Leistungen<\/span> Read More &raquo;<\/a><\/p>\n","protected":false},"author":1,"featured_media":0,"parent":0,"menu_order":0,"comment_status":"closed","ping_status":"closed","template":"","meta":{"footnotes":""},"class_list":["post-38","page","type-page","status-publish","hentry"],"_links":{"self":[{"href":"https:\/\/www.schuberth-elektrotechnik.de\/index.php\/wp-json\/wp\/v2\/pages\/38","targetHints":{"allow":["GET"]}}],"collection":[{"href":"https:\/\/www.schuberth-elektrotechnik.de\/index.php\/wp-json\/wp\/v2\/pages"}],"about":[{"href":"https:\/\/www.schuberth-elektrotechnik.de\/index.php\/wp-json\/wp\/v2\/types\/page"}],"author":[{"embeddable":true,"href":"https:\/\/www.schuberth-elektrotechnik.de\/index.php\/wp-json\/wp\/v2\/users\/1"}],"replies":[{"embeddable":true,"href":"https:\/\/www.schuberth-elektrotechnik.de\/index.php\/wp-json\/wp\/v2\/comments?post=38"}],"version-history":[{"count":14,"href":"https:\/\/www.schuberth-elektrotechnik.de\/index.php\/wp-json\/wp\/v2\/pages\/38\/revisions"}],"predecessor-version":[{"id":628,"href":"https:\/\/www.schuberth-elektrotechnik.de\/index.php\/wp-json\/wp\/v2\/pages\/38\/revisions\/628"}],"wp:attachment":[{"href":"https:\/\/www.schuberth-elektrotechnik.de\/index.php\/wp-json\/wp\/v2\/media?parent=38"}],"curies":[{"name":"wp","href":"https:\/\/api.w.org\/{rel}","templated":true}]}}