{"id":8,"date":"2020-01-19T20:42:27","date_gmt":"2020-01-19T19:42:27","guid":{"rendered":"http:\/\/www.schuberth-elektrotechnik.de\/?page_id=8"},"modified":"2025-03-12T18:12:25","modified_gmt":"2025-03-12T17:12:25","slug":"ueber-uns","status":"publish","type":"page","link":"https:\/\/www.schuberth-elektrotechnik.de\/","title":{"rendered":"Home"},"content":{"rendered":"\n<div class=\"wp-block-columns is-layout-flex wp-container-core-columns-is-layout-9d6595d7 wp-block-columns-is-layout-flex\">\n<div class=\"wp-block-column is-layout-flow wp-block-column-is-layout-flow\" style=\"flex-basis:100%\">\n<figure class=\"wp-block-gallery has-nested-images columns-default is-cropped wp-block-gallery-1 is-layout-flex wp-block-gallery-is-layout-flex\"><\/figure>\n<\/div>\n<\/div>\n\n\n\n<h1 class=\"wp-block-heading\" id=\"ihr-starker-partner-fur-die-elektrotechnik\">Ihr starker Partner f\u00fcr die Elektrotechnik<\/h1>\n\n\n\n<p>Unser Elektrofachbetrieb befindet sich direkt in Schwarzenbach am Wald. <br><br>Ob Kleinauftr\u00e4ge oder Gro\u00dfauftr\u00e4ge, privat oder gewerblich \u2013 wir sind Ihr zuverl\u00e4ssiger Partner rund um das Thema Elektrotechnik und dies immer leistungsstark und kundenorientiert. <br><br>Ganz gleich, ob bei der Installation von Neubauten, Sanierung von Altbauten, Beleuchtungsanlagen, Telefonanlagen, T\u00fcrsprechanlagen oder Netzwerkverkabelung, unsere professionellen Mitarbeiter arbeiten pr\u00e4zise und termingerecht.<br><br>Als Meisterbetrieb sind wir stets bem\u00fcht, die W\u00fcnsche und Vorstellungen unserer Kunden zu erf\u00fcllen. <\/p>\n\n\n\n<p>\u00dcberzeugen Sie sich selbst von unserem breit gef\u00e4cherten Service. <br><br><strong><br><\/strong><\/p>\n\n\n\n<figure class=\"wp-block-gallery has-nested-images columns-default is-cropped wp-block-gallery-2 is-layout-flex wp-block-gallery-is-layout-flex\">\n<figure class=\"wp-block-image size-large\"><img loading=\"lazy\" decoding=\"async\" width=\"1024\" height=\"89\" data-id=\"507\" src=\"https:\/\/www.schuberth-elektrotechnik.de\/wp-content\/uploads\/2022\/03\/Leiste-1024x89.jpg\" alt=\"\" class=\"wp-image-507\" srcset=\"https:\/\/www.schuberth-elektrotechnik.de\/wp-content\/uploads\/2022\/03\/Leiste-1024x89.jpg 1024w, https:\/\/www.schuberth-elektrotechnik.de\/wp-content\/uploads\/2022\/03\/Leiste-300x26.jpg 300w, https:\/\/www.schuberth-elektrotechnik.de\/wp-content\/uploads\/2022\/03\/Leiste-768x67.jpg 768w, https:\/\/www.schuberth-elektrotechnik.de\/wp-content\/uploads\/2022\/03\/Leiste-1536x133.jpg 1536w, https:\/\/www.schuberth-elektrotechnik.de\/wp-content\/uploads\/2022\/03\/Leiste-100x9.jpg 100w, https:\/\/www.schuberth-elektrotechnik.de\/wp-content\/uploads\/2022\/03\/Leiste-150x13.jpg 150w, https:\/\/www.schuberth-elektrotechnik.de\/wp-content\/uploads\/2022\/03\/Leiste-200x17.jpg 200w, https:\/\/www.schuberth-elektrotechnik.de\/wp-content\/uploads\/2022\/03\/Leiste-450x39.jpg 450w, https:\/\/www.schuberth-elektrotechnik.de\/wp-content\/uploads\/2022\/03\/Leiste-600x52.jpg 600w, https:\/\/www.schuberth-elektrotechnik.de\/wp-content\/uploads\/2022\/03\/Leiste-900x78.jpg 900w, https:\/\/www.schuberth-elektrotechnik.de\/wp-content\/uploads\/2022\/03\/Leiste.jpg 1858w\" sizes=\"auto, (max-width: 1024px) 100vw, 1024px\" \/><\/figure>\n<\/figure>\n","protected":false},"excerpt":{"rendered":"<p>Ihr starker Partner f\u00fcr die Elektrotechnik Unser Elektrofachbetrieb befindet sich direkt in Schwarzenbach am Wald. Ob Kleinauftr\u00e4ge oder Gro\u00dfauftr\u00e4ge, privat oder gewerblich \u2013 wir sind Ihr zuverl\u00e4ssiger Partner rund um das Thema Elektrotechnik und dies immer leistungsstark und kundenorientiert. Ganz &hellip;<\/p>\n<p class=\"read-more\"> <a class=\"more-link\" href=\"https:\/\/www.schuberth-elektrotechnik.de\/\"> <span class=\"screen-reader-text\">Home<\/span> Read More &raquo;<\/a><\/p>\n","protected":false},"author":1,"featured_media":0,"parent":0,"menu_order":0,"comment_status":"closed","ping_status":"closed","template":"","meta":{"footnotes":""},"class_list":["post-8","page","type-page","status-publish","hentry"],"_links":{"self":[{"href":"https:\/\/www.schuberth-elektrotechnik.de\/index.php\/wp-json\/wp\/v2\/pages\/8","targetHints":{"allow":["GET"]}}],"collection":[{"href":"https:\/\/www.schuberth-elektrotechnik.de\/index.php\/wp-json\/wp\/v2\/pages"}],"about":[{"href":"https:\/\/www.schuberth-elektrotechnik.de\/index.php\/wp-json\/wp\/v2\/types\/page"}],"author":[{"embeddable":true,"href":"https:\/\/www.schuberth-elektrotechnik.de\/index.php\/wp-json\/wp\/v2\/users\/1"}],"replies":[{"embeddable":true,"href":"https:\/\/www.schuberth-elektrotechnik.de\/index.php\/wp-json\/wp\/v2\/comments?post=8"}],"version-history":[{"count":26,"href":"https:\/\/www.schuberth-elektrotechnik.de\/index.php\/wp-json\/wp\/v2\/pages\/8\/revisions"}],"predecessor-version":[{"id":627,"href":"https:\/\/www.schuberth-elektrotechnik.de\/index.php\/wp-json\/wp\/v2\/pages\/8\/revisions\/627"}],"wp:attachment":[{"href":"https:\/\/www.schuberth-elektrotechnik.de\/index.php\/wp-json\/wp\/v2\/media?parent=8"}],"curies":[{"name":"wp","href":"https:\/\/api.w.org\/{rel}","templated":true}]}}